{"id":480,"date":"2023-01-28T16:04:27","date_gmt":"2023-01-28T16:04:27","guid":{"rendered":"https:\/\/lesolereybrewpub.com\/?page_id=480"},"modified":"2023-08-28T11:30:45","modified_gmt":"2023-08-28T11:30:45","slug":"the-brewery","status":"publish","type":"page","link":"https:\/\/lesolereybrewpub.com\/fr\/the-brewery\/","title":{"rendered":"LA BRASSERIE"},"content":{"rendered":"<div id=\"fws_69f619715a709\"  data-column-margin=\"default\" data-midnight=\"dark\"  class=\"wpb_row vc_row-fluid vc_row full-width-section\"  style=\"padding-top: 0px; padding-bottom: 0px; \"><div class=\"row-bg-wrap\" data-bg-animation=\"none\" data-bg-animation-delay=\"\" data-bg-overlay=\"true\"><div class=\"inner-wrap row-bg-layer using-image\" ><div class=\"row-bg viewport-desktop using-image\"  style=\"background-image: url(https:\/\/lesolereybrewpub.com\/wp-content\/uploads\/2020\/03\/AJ-brewery.jpg); background-position: center center; background-repeat: no-repeat; \"><\/div><\/div><div class=\"row-bg-overlay row-bg-layer\" style=\"background-color:#f2eee6;  opacity: 0.5; \"><\/div><\/div><div class=\"row_col_wrap_12 col span_12 dark left\">\n\t<div  class=\"vc_col-sm-12 wpb_column column_container vc_column_container col no-extra-padding inherit_tablet inherit_phone\"  data-padding-pos=\"all\" data-has-bg-color=\"false\" data-bg-color=\"\" data-bg-opacity=\"1\" data-animation=\"\" data-delay=\"0\" >\n\t\t<div class=\"vc_column-inner\" >\n\t\t\t<div class=\"wpb_wrapper\">\n\t\t\t\t<div id=\"fws_69f619715b3e5\" data-midnight=\"\" data-column-margin=\"default\" class=\"wpb_row vc_row-fluid vc_row inner_row\"  style=\"padding-top: 4%; padding-bottom: 4%; \"><div class=\"row-bg-wrap\"> <div class=\"row-bg\" ><\/div> <\/div><div class=\"row_col_wrap_12_inner col span_12  left\">\n\t<div  class=\"vc_col-sm-2 wpb_column column_container vc_column_container col child_column no-extra-padding inherit_tablet inherit_phone\"   data-padding-pos=\"all\" data-has-bg-color=\"false\" data-bg-color=\"\" data-bg-opacity=\"1\" data-animation=\"\" data-delay=\"0\" >\n\t\t<div class=\"vc_column-inner\" >\n\t\t<div class=\"wpb_wrapper\">\n\t\t\t\n\t\t<\/div> \n\t<\/div>\n\t<\/div> \n\n\t<div style=\"\" class=\"vc_col-sm-8 wpb_column column_container vc_column_container col child_column centered-text padding-4-percent inherit_tablet inherit_phone\"  data-using-bg=\"true\" data-border-radius=\"5px\" data-padding-pos=\"all\" data-has-bg-color=\"true\" data-bg-color=\"#ffffff\" data-bg-opacity=\"0.8\" data-animation=\"\" data-delay=\"0\" >\n\t\t<div class=\"vc_column-inner\" ><div class=\"column-bg-overlay-wrap column-bg-layer\" data-bg-animation=\"none\"><div class=\"column-bg-overlay\" style=\"opacity: 0.8; background-color: #ffffff;\"><\/div><\/div>\n\t\t<div class=\"wpb_wrapper\">\n\t\t\t<h1 style=\"font-size: 45px;color: #e04247;line-height: 100px;text-align: center\" class=\"vc_custom_heading\" >LA BRASSERIE<\/h1>\n<div class=\"wpb_text_column wpb_content_element\" >\n\t<div class=\"wpb_wrapper\">\n\t\t<p>\u00catre appel\u00e9 une brasserie artisanale signifie bien s\u00fbr que nous fabriquons toutes nos propres bi\u00e8res. La brasserie est situ\u00e9e sur place et visible du niveau de la rue et produit 750 litres de bi\u00e8re finie \u00e0 chaque brassage.<\/p>\n<p>Nous produisons 3 types de bi\u00e8re\u00a0; une bi\u00e8re blonde, une bi\u00e8re dor\u00e9e, et une I.P.A. rouge. Les cuves de brassage se composent d'un r\u00e9servoir d'eau chaude, d'une mash tun, d'une bouilloire, de 3 fermenteurs, et de 3 cuves de bi\u00e8re finie. La bi\u00e8re finie est servie depuis des cuves \u00e0 bi\u00e8re finie directement aux pression du bar.<\/p>\n<p>Le brasseur a commenc\u00e9 le brassage \u00e0 domicile \u00e0 Vancouver au Canada en 1992. Il a ensuite travaill\u00e9 \u00e0 temps partiel dans une micro-brasserie \u00e0 Vancouver avant de d\u00e9m\u00e9nager \u00e0 Chamonix, en France, en 2000, ouvrant la premi\u00e8re micro-brasserie de la vall\u00e9e.<\/p>\n<p>Nous essayons d'\u00eatre le plus respectueux possible au Solerey. La majeure partie du malt utilis\u00e9 est destin\u00e9e aux agriculteurs pour nourrir leur b\u00e9tail. Nous r\u00e9cup\u00e9rons, nettoyons et remplissons \u00e9galement toutes nos bouteilles de bi\u00e8re que nous vendons. Nous essayons \u00e9galement de ne pas utiliser autant que possible de produits de nettoyage chimiques agressifs.<\/p>\n\t<\/div>\n<\/div>\n\n\n\n\n\t\t<\/div> \n\t<\/div>\n\t<\/div> \n\n\t<div  class=\"vc_col-sm-2 wpb_column column_container vc_column_container col child_column no-extra-padding inherit_tablet inherit_phone\"   data-padding-pos=\"all\" data-has-bg-color=\"false\" data-bg-color=\"\" data-bg-opacity=\"1\" data-animation=\"\" data-delay=\"0\" >\n\t\t<div class=\"vc_column-inner\" >\n\t\t<div class=\"wpb_wrapper\">\n\t\t\t\n\t\t<\/div> \n\t<\/div>\n\t<\/div> \n<\/div><\/div>\n\t\t\t<\/div> \n\t\t<\/div>\n\t<\/div> \n<\/div><\/div>\n\t\t<div id=\"fws_69f619715c544\"  data-column-margin=\"default\" data-midnight=\"dark\" data-top-percent=\"4%\"  class=\"wpb_row vc_row-fluid vc_row full-width-section\"  style=\"padding-top: calc(100vw * 0.04); padding-bottom: 0px; \"><div class=\"row-bg-wrap\" data-bg-animation=\"none\" data-bg-animation-delay=\"\" data-bg-overlay=\"false\"><div class=\"inner-wrap row-bg-layer\" ><div class=\"row-bg viewport-desktop using-bg-color\"  style=\"background-color: #f2eee6; \"><\/div><\/div><\/div><div class=\"row_col_wrap_12 col span_12 dark left\">\n\t<div  class=\"vc_col-sm-12 wpb_column column_container vc_column_container col no-extra-padding inherit_tablet inherit_phone\"  data-padding-pos=\"all\" data-has-bg-color=\"false\" data-bg-color=\"\" data-bg-opacity=\"1\" data-animation=\"\" data-delay=\"0\" >\n\t\t<div class=\"vc_column-inner\" >\n\t\t\t<div class=\"wpb_wrapper\">\n\t\t\t\t<h2 style=\"color: #dd3333;text-align: center\" class=\"vc_custom_heading\" >NOS BIERES<\/h2>\n\t\t\t<\/div> \n\t\t<\/div>\n\t<\/div> \n<\/div><\/div>\n\t\t<div id=\"fws_69f619715c896\"  data-column-margin=\"default\" data-midnight=\"dark\" data-top-percent=\"4%\" data-bottom-percent=\"4%\"  class=\"wpb_row vc_row-fluid vc_row full-width-section vc_row-o-equal-height vc_row-flex\"  style=\"padding-top: calc(100vw * 0.04); padding-bottom: calc(100vw * 0.04); \"><div class=\"row-bg-wrap\" data-bg-animation=\"none\" data-bg-animation-delay=\"\" data-bg-overlay=\"false\"><div class=\"inner-wrap row-bg-layer\" ><div class=\"row-bg viewport-desktop using-bg-color\"  style=\"background-color: #f2eee6; \"><\/div><\/div><\/div><div class=\"row_col_wrap_12 col span_12 dark left\">\n\t<div style=\"\" class=\"vc_col-sm-4 wpb_column column_container vc_column_container col padding-4-percent inherit_tablet inherit_phone\" data-using-bg=\"true\" data-border-radius=\"5px\" data-padding-pos=\"all\" data-has-bg-color=\"true\" data-bg-color=\"#ffffff\" data-bg-opacity=\"1\" data-animation=\"\" data-delay=\"0\" >\n\t\t<div class=\"vc_column-inner\" ><div class=\"column-bg-overlay-wrap column-bg-layer\" data-bg-animation=\"none\"><div class=\"column-bg-overlay\" style=\"opacity: 1; background-color: #ffffff;\"><\/div><\/div>\n\t\t\t<div class=\"wpb_wrapper\">\n\t\t\t\t<h2 style=\"font-size: 30px;text-align: center\" class=\"vc_custom_heading\" >MONT BLONDE 4,8%<\/h2>\n<div class=\"wpb_text_column wpb_content_element  vc_custom_1687708759942\" >\n\t<div class=\"wpb_wrapper\">\n\t\t<p style=\"text-align: center;\">Pilsner   classique,   l\u00e9g\u00e8re,   bulles,   brass\u00e9e   avec   malt   blonde,   houblon Columbus (20IBU), et une levure de basse fermentation Suisse.<\/p>\n\t<\/div>\n<\/div>\n\n\n\n\n\t\t\t<\/div> \n\t\t<\/div>\n\t<\/div> \n\n\t<div style=\"\" class=\"vc_col-sm-4 wpb_column column_container vc_column_container col padding-4-percent inherit_tablet inherit_phone\" data-using-bg=\"true\" data-border-radius=\"5px\" data-padding-pos=\"all\" data-has-bg-color=\"true\" data-bg-color=\"#ffffff\" data-bg-opacity=\"1\" data-animation=\"\" data-delay=\"0\" >\n\t\t<div class=\"vc_column-inner\" ><div class=\"column-bg-overlay-wrap column-bg-layer\" data-bg-animation=\"none\"><div class=\"column-bg-overlay\" style=\"opacity: 1; background-color: #ffffff;\"><\/div><\/div>\n\t\t\t<div class=\"wpb_wrapper\">\n\t\t\t\t<h2 style=\"font-size: 30px;text-align: center\" class=\"vc_custom_heading\" >SOLID GOLD 4.6%<\/h2>\n<div class=\"wpb_text_column wpb_content_element  vc_custom_1687708979060\" >\n\t<div class=\"wpb_wrapper\">\n\t\t<p style=\"text-align: center;\">Dor\u00e9e  en  couleur,  fruit\u00e9e,  houblon\u00e9e,  brass\u00e9e  avec  malt  pale  ale  et  Munich,  des  houblons  Columbus,  Mt  Hood,  et  Cascade  (35IBU), et une levure de haute fermentation Anglaise.<\/p>\n\t<\/div>\n<\/div>\n\n\n\n\n\t\t\t<\/div> \n\t\t<\/div>\n\t<\/div> \n\n\t<div style=\"\" class=\"vc_col-sm-4 wpb_column column_container vc_column_container col padding-4-percent inherit_tablet inherit_phone\" data-using-bg=\"true\" data-border-radius=\"5px\" data-padding-pos=\"all\" data-has-bg-color=\"true\" data-bg-color=\"#ffffff\" data-bg-opacity=\"1\" data-animation=\"\" data-delay=\"0\" >\n\t\t<div class=\"vc_column-inner\" ><div class=\"column-bg-overlay-wrap column-bg-layer\" data-bg-animation=\"none\"><div class=\"column-bg-overlay\" style=\"opacity: 1; background-color: #ffffff;\"><\/div><\/div>\n\t\t\t<div class=\"wpb_wrapper\">\n\t\t\t\t<h2 style=\"font-size: 30px;text-align: center\" class=\"vc_custom_heading\" >BIG RED IPA 4.7%<\/h2>\n<div class=\"wpb_text_column wpb_content_element  vc_custom_1687709709144\" >\n\t<div class=\"wpb_wrapper\">\n\t\t<p style=\"text-align: center;\">Rouge   en   couleur,   fruit\u00e9e,   malt\u00e9e,   encore   plus   houblon\u00e9e,   brass\u00e9e avec malt pale ale et Munich, orge torr\u00e9fi\u00e9e, des houblons Columbus,  Centennial,  et  Willamette  (80IBU),  et  une  levure  de  haute fermentation Am\u00e9ricaine.<\/p>\n\t<\/div>\n<\/div>\n\n\n\n\n\t\t\t<\/div> \n\t\t<\/div>\n\t<\/div> \n<\/div><\/div>\n\t\t<div id=\"fws_69f619715d191\"  data-column-margin=\"default\" data-midnight=\"dark\" data-bottom-percent=\"4%\"  class=\"wpb_row vc_row-fluid vc_row full-width-section\"  style=\"padding-top: 0px; padding-bottom: calc(100vw * 0.04); \"><div class=\"row-bg-wrap\" data-bg-animation=\"none\" data-bg-animation-delay=\"\" data-bg-overlay=\"false\"><div class=\"inner-wrap row-bg-layer\" ><div class=\"row-bg viewport-desktop using-bg-color\"  style=\"background-color: #f2eee6; \"><\/div><\/div><\/div><div class=\"row_col_wrap_12 col span_12 dark left\">\n\t<div style=\"\" class=\"vc_col-sm-12 wpb_column column_container vc_column_container col no-extra-padding inherit_tablet inherit_phone\" data-using-bg=\"true\" data-padding-pos=\"all\" data-has-bg-color=\"true\" data-bg-color=\"#f2eee6\" data-bg-opacity=\"1\" data-animation=\"\" data-delay=\"0\" >\n\t\t<div class=\"vc_column-inner\" ><div class=\"column-bg-overlay-wrap column-bg-layer\" data-bg-animation=\"none\"><div class=\"column-bg-overlay\" style=\"opacity: 1; background-color: #f2eee6;\"><\/div><\/div>\n\t\t\t<div class=\"wpb_wrapper\">\n\t\t\t\t\n\t<div class=\"wpb_gallery wpb_content_element clearfix\">\n\t\t<div class=\"wpb_wrapper\"><div class=\"wpb_gallery_slidesimage_grid\" data-onclick=\"link_image\" data-interval=\"5\">\n\n\t<div class=\"portfolio-wrap\">\n\n\t\t\t<span class=\"portfolio-loading\"><\/span>\n\n\t\t\t<div class=\"row portfolio-items masonry-items\" data-starting-filter=\"\" data-gutter=\"2px\" data-masonry-type=\"default\" data-bypass-cropping=\"\"  data-ps=\"7\" data-loading=\"default\" data-categories-to-show=\"\" data-col-num=\"cols-4\">\n\n\n\n\t\n\t\t\t\t\t\t\t<div class=\"col span_3 regular element\" data-project-cat=\"\" data-default-color=\"true\" data-title-color=\"\" data-subtitle-color=\"\">\n\n\t\t\t\t\t\t\t<div class=\"inner-wrap animated\" data-animation=\"none\">\n\n\t\t\t\t\t\t\t\n\t\t\t\t\t\t\t<div class=\"work-item style-2\">\n\n\t\t\t\t\t\t\t\t<img class=\"skip-lazy top-level-image\" src=\"https:\/\/lesolereybrewpub.com\/wp-content\/uploads\/2023\/01\/35077393_257645978130446_5840163410884427776_n-400x400.jpeg\" width=\"400\" height=\"400\" alt=\"35077393_257645978130446_5840163410884427776_n\" title=\"35077393_257645978130446_5840163410884427776_n\" \/>\n\t\t\t\t\t\t\t\t<div class=\"work-info-bg\"><\/div>\n\t\t\t\t\t\t\t\t<div class=\"work-info\">\n\n\n\t\t\t\t\t\t\t\t\t\t\t\t\t\t\t\t\t   \t\t\t <a href=\"https:\/\/lesolereybrewpub.com\/wp-content\/uploads\/2023\/01\/35077393_257645978130446_5840163410884427776_n.jpeg\" class=\"pretty_photo\"><\/a>\n\t\t\t\t\t\t\t\t   \t\t\n\t\t\t\t\t\t\t\t\t\t<div class=\"vert-center\">\n\t\t\t\t\t\t\t\t\t\t\t\t\t\t\t\t\t\t\t\t\t<\/div><!--\/vert-center-->\n\n\t\t\t\t\t\t\t\t\t\n\n\t\t\t\t\t\t\t\t<\/div>\n\t\t\t\t\t\t\t<\/div><!--work-item-->\n\n\t\t\t\t\t\t\n\n\t\t\t\t\t\t<\/div><\/div> \n\t\t\t\t\t\t\n\t\t\t\t\t\t\t<div class=\"col span_3 regular element\" data-project-cat=\"\" data-default-color=\"true\" data-title-color=\"\" data-subtitle-color=\"\">\n\n\t\t\t\t\t\t\t<div class=\"inner-wrap animated\" data-animation=\"none\">\n\n\t\t\t\t\t\t\t\n\t\t\t\t\t\t\t<div class=\"work-item style-2\">\n\n\t\t\t\t\t\t\t\t<img class=\"skip-lazy top-level-image\" src=\"https:\/\/lesolereybrewpub.com\/wp-content\/uploads\/2023\/01\/325130083_1954120514932425_3896986960045604966_n-400x400.jpeg\" width=\"400\" height=\"400\" alt=\"325130083_1954120514932425_3896986960045604966_n\" title=\"325130083_1954120514932425_3896986960045604966_n\" \/>\n\t\t\t\t\t\t\t\t<div class=\"work-info-bg\"><\/div>\n\t\t\t\t\t\t\t\t<div class=\"work-info\">\n\n\n\t\t\t\t\t\t\t\t\t\t\t\t\t\t\t\t\t   \t\t\t <a href=\"https:\/\/lesolereybrewpub.com\/wp-content\/uploads\/2023\/01\/325130083_1954120514932425_3896986960045604966_n.jpeg\" class=\"pretty_photo\"><\/a>\n\t\t\t\t\t\t\t\t   \t\t\n\t\t\t\t\t\t\t\t\t\t<div class=\"vert-center\">\n\t\t\t\t\t\t\t\t\t\t\t\t\t\t\t\t\t\t\t\t\t<\/div><!--\/vert-center-->\n\n\t\t\t\t\t\t\t\t\t\n\n\t\t\t\t\t\t\t\t<\/div>\n\t\t\t\t\t\t\t<\/div><!--work-item-->\n\n\t\t\t\t\t\t\n\n\t\t\t\t\t\t<\/div><\/div> \n\t\t\t\t\t\t\n\t\t\t\t\t\t\t<div class=\"col span_3 regular element\" data-project-cat=\"\" data-default-color=\"true\" data-title-color=\"\" data-subtitle-color=\"\">\n\n\t\t\t\t\t\t\t<div class=\"inner-wrap animated\" data-animation=\"none\">\n\n\t\t\t\t\t\t\t\n\t\t\t\t\t\t\t<div class=\"work-item style-2\">\n\n\t\t\t\t\t\t\t\t<img class=\"skip-lazy top-level-image\" src=\"https:\/\/lesolereybrewpub.com\/wp-content\/uploads\/2023\/08\/sight-glass-400x400.jpg\" width=\"400\" height=\"400\" alt=\"sight-glass\" title=\"sight-glass\" \/>\n\t\t\t\t\t\t\t\t<div class=\"work-info-bg\"><\/div>\n\t\t\t\t\t\t\t\t<div class=\"work-info\">\n\n\n\t\t\t\t\t\t\t\t\t\t\t\t\t\t\t\t\t   \t\t\t <a href=\"https:\/\/lesolereybrewpub.com\/wp-content\/uploads\/2023\/08\/sight-glass.jpg\" class=\"pretty_photo\"><\/a>\n\t\t\t\t\t\t\t\t   \t\t\n\t\t\t\t\t\t\t\t\t\t<div class=\"vert-center\">\n\t\t\t\t\t\t\t\t\t\t\t\t\t\t\t\t\t\t\t\t\t<\/div><!--\/vert-center-->\n\n\t\t\t\t\t\t\t\t\t\n\n\t\t\t\t\t\t\t\t<\/div>\n\t\t\t\t\t\t\t<\/div><!--work-item-->\n\n\t\t\t\t\t\t\n\n\t\t\t\t\t\t<\/div><\/div> \n\t\t\t\t\t\t\n\t\t\t\t\t\t\t<div class=\"col span_3 regular element\" data-project-cat=\"\" data-default-color=\"true\" data-title-color=\"\" data-subtitle-color=\"\">\n\n\t\t\t\t\t\t\t<div class=\"inner-wrap animated\" data-animation=\"none\">\n\n\t\t\t\t\t\t\t\n\t\t\t\t\t\t\t<div class=\"work-item style-2\">\n\n\t\t\t\t\t\t\t\t<img class=\"skip-lazy top-level-image\" src=\"https:\/\/lesolereybrewpub.com\/wp-content\/uploads\/2023\/08\/loic-mashing-400x400.jpg\" width=\"400\" height=\"400\" alt=\"loic-mashing\" title=\"loic-mashing\" \/>\n\t\t\t\t\t\t\t\t<div class=\"work-info-bg\"><\/div>\n\t\t\t\t\t\t\t\t<div class=\"work-info\">\n\n\n\t\t\t\t\t\t\t\t\t\t\t\t\t\t\t\t\t   \t\t\t <a href=\"https:\/\/lesolereybrewpub.com\/wp-content\/uploads\/2023\/08\/loic-mashing.jpg\" class=\"pretty_photo\"><\/a>\n\t\t\t\t\t\t\t\t   \t\t\n\t\t\t\t\t\t\t\t\t\t<div class=\"vert-center\">\n\t\t\t\t\t\t\t\t\t\t\t\t\t\t\t\t\t\t\t\t\t<\/div><!--\/vert-center-->\n\n\t\t\t\t\t\t\t\t\t\n\n\t\t\t\t\t\t\t\t<\/div>\n\t\t\t\t\t\t\t<\/div><!--work-item-->\n\n\t\t\t\t\t\t\n\n\t\t\t\t\t\t<\/div><\/div> \n\t\t\t\t\t\t\n\t\t\t\t\t\t\t<div class=\"col span_3 regular element\" data-project-cat=\"\" data-default-color=\"true\" data-title-color=\"\" data-subtitle-color=\"\">\n\n\t\t\t\t\t\t\t<div class=\"inner-wrap animated\" data-animation=\"none\">\n\n\t\t\t\t\t\t\t\n\t\t\t\t\t\t\t<div class=\"work-item style-2\">\n\n\t\t\t\t\t\t\t\t<img class=\"skip-lazy top-level-image\" src=\"https:\/\/lesolereybrewpub.com\/wp-content\/uploads\/2023\/08\/hydrometer-400x400.jpg\" width=\"400\" height=\"400\" alt=\"hydrometer\" title=\"hydrometer\" \/>\n\t\t\t\t\t\t\t\t<div class=\"work-info-bg\"><\/div>\n\t\t\t\t\t\t\t\t<div class=\"work-info\">\n\n\n\t\t\t\t\t\t\t\t\t\t\t\t\t\t\t\t\t   \t\t\t <a href=\"https:\/\/lesolereybrewpub.com\/wp-content\/uploads\/2023\/08\/hydrometer.jpg\" class=\"pretty_photo\"><\/a>\n\t\t\t\t\t\t\t\t   \t\t\n\t\t\t\t\t\t\t\t\t\t<div class=\"vert-center\">\n\t\t\t\t\t\t\t\t\t\t\t\t\t\t\t\t\t\t\t\t\t<\/div><!--\/vert-center-->\n\n\t\t\t\t\t\t\t\t\t\n\n\t\t\t\t\t\t\t\t<\/div>\n\t\t\t\t\t\t\t<\/div><!--work-item-->\n\n\t\t\t\t\t\t\n\n\t\t\t\t\t\t<\/div><\/div> \n\t\t\t\t\t\t\n\t\t\t\t\t\t\t<div class=\"col span_3 regular element\" data-project-cat=\"\" data-default-color=\"true\" data-title-color=\"\" data-subtitle-color=\"\">\n\n\t\t\t\t\t\t\t<div class=\"inner-wrap animated\" data-animation=\"none\">\n\n\t\t\t\t\t\t\t\n\t\t\t\t\t\t\t<div class=\"work-item style-2\">\n\n\t\t\t\t\t\t\t\t<img class=\"skip-lazy top-level-image\" src=\"https:\/\/lesolereybrewpub.com\/wp-content\/uploads\/2023\/08\/Gerrys-cows-400x400.jpg\" width=\"400\" height=\"400\" alt=\"Gerrys-cows\" title=\"Gerrys-cows\" \/>\n\t\t\t\t\t\t\t\t<div class=\"work-info-bg\"><\/div>\n\t\t\t\t\t\t\t\t<div class=\"work-info\">\n\n\n\t\t\t\t\t\t\t\t\t\t\t\t\t\t\t\t\t   \t\t\t <a href=\"https:\/\/lesolereybrewpub.com\/wp-content\/uploads\/2023\/08\/Gerrys-cows.jpg\" class=\"pretty_photo\"><\/a>\n\t\t\t\t\t\t\t\t   \t\t\n\t\t\t\t\t\t\t\t\t\t<div class=\"vert-center\">\n\t\t\t\t\t\t\t\t\t\t\t\t\t\t\t\t\t\t\t\t\t<\/div><!--\/vert-center-->\n\n\t\t\t\t\t\t\t\t\t\n\n\t\t\t\t\t\t\t\t<\/div>\n\t\t\t\t\t\t\t<\/div><!--work-item-->\n\n\t\t\t\t\t\t\n\n\t\t\t\t\t\t<\/div><\/div> \n\t\t\t\t\t\t\n\t\t\t\t\t\t\t<div class=\"col span_3 regular element\" data-project-cat=\"\" data-default-color=\"true\" data-title-color=\"\" data-subtitle-color=\"\">\n\n\t\t\t\t\t\t\t<div class=\"inner-wrap animated\" data-animation=\"none\">\n\n\t\t\t\t\t\t\t\n\t\t\t\t\t\t\t<div class=\"work-item style-2\">\n\n\t\t\t\t\t\t\t\t<img class=\"skip-lazy top-level-image\" src=\"https:\/\/lesolereybrewpub.com\/wp-content\/uploads\/2023\/08\/filter-400x400.jpg\" width=\"400\" height=\"400\" alt=\"filter\" title=\"filter\" \/>\n\t\t\t\t\t\t\t\t<div class=\"work-info-bg\"><\/div>\n\t\t\t\t\t\t\t\t<div class=\"work-info\">\n\n\n\t\t\t\t\t\t\t\t\t\t\t\t\t\t\t\t\t   \t\t\t <a href=\"https:\/\/lesolereybrewpub.com\/wp-content\/uploads\/2023\/08\/filter.jpg\" class=\"pretty_photo\"><\/a>\n\t\t\t\t\t\t\t\t   \t\t\n\t\t\t\t\t\t\t\t\t\t<div class=\"vert-center\">\n\t\t\t\t\t\t\t\t\t\t\t\t\t\t\t\t\t\t\t\t\t<\/div><!--\/vert-center-->\n\n\t\t\t\t\t\t\t\t\t\n\n\t\t\t\t\t\t\t\t<\/div>\n\t\t\t\t\t\t\t<\/div><!--work-item-->\n\n\t\t\t\t\t\t\n\n\t\t\t\t\t\t<\/div><\/div> \n\t\t\t\t\t\t\n\t\t\t\t\t\t\t<div class=\"col span_3 regular element\" data-project-cat=\"\" data-default-color=\"true\" data-title-color=\"\" data-subtitle-color=\"\">\n\n\t\t\t\t\t\t\t<div class=\"inner-wrap animated\" data-animation=\"none\">\n\n\t\t\t\t\t\t\t\n\t\t\t\t\t\t\t<div class=\"work-item style-2\">\n\n\t\t\t\t\t\t\t\t<img class=\"skip-lazy top-level-image\" src=\"https:\/\/lesolereybrewpub.com\/wp-content\/uploads\/2023\/08\/bottle-wash-400x400.jpg\" width=\"400\" height=\"400\" alt=\"bottle-wash\" title=\"bottle-wash\" \/>\n\t\t\t\t\t\t\t\t<div class=\"work-info-bg\"><\/div>\n\t\t\t\t\t\t\t\t<div class=\"work-info\">\n\n\n\t\t\t\t\t\t\t\t\t\t\t\t\t\t\t\t\t   \t\t\t <a href=\"https:\/\/lesolereybrewpub.com\/wp-content\/uploads\/2023\/08\/bottle-wash.jpg\" class=\"pretty_photo\"><\/a>\n\t\t\t\t\t\t\t\t   \t\t\n\t\t\t\t\t\t\t\t\t\t<div class=\"vert-center\">\n\t\t\t\t\t\t\t\t\t\t\t\t\t\t\t\t\t\t\t\t\t<\/div><!--\/vert-center-->\n\n\t\t\t\t\t\t\t\t\t\n\n\t\t\t\t\t\t\t\t<\/div>\n\t\t\t\t\t\t\t<\/div><!--work-item-->\n\n\t\t\t\t\t\t\n\n\t\t\t\t\t\t<\/div><\/div> \n\t\t\t\t\t\t\n\t\t\t\t\t\t\t<div class=\"col span_3 regular element\" data-project-cat=\"\" data-default-color=\"true\" data-title-color=\"\" data-subtitle-color=\"\">\n\n\t\t\t\t\t\t\t<div class=\"inner-wrap animated\" data-animation=\"none\">\n\n\t\t\t\t\t\t\t\n\t\t\t\t\t\t\t<div class=\"work-item style-2\">\n\n\t\t\t\t\t\t\t\t<img class=\"skip-lazy\" src=\"https:\/\/lesolereybrewpub.com\/wp-content\/uploads\/2023\/08\/bottle-caps-400x400.jpg\" width=\"400\" height=\"400\" alt=\"bottle-caps\" title=\"bottle-caps\" \/>\n\t\t\t\t\t\t\t\t<div class=\"work-info-bg\"><\/div>\n\t\t\t\t\t\t\t\t<div class=\"work-info\">\n\n\n\t\t\t\t\t\t\t\t\t\t\t\t\t\t\t\t\t   \t\t\t <a href=\"https:\/\/lesolereybrewpub.com\/wp-content\/uploads\/2023\/08\/bottle-caps.jpg\" class=\"pretty_photo\"><\/a>\n\t\t\t\t\t\t\t\t   \t\t\n\t\t\t\t\t\t\t\t\t\t<div class=\"vert-center\">\n\t\t\t\t\t\t\t\t\t\t\t\t\t\t\t\t\t\t\t\t\t<\/div><!--\/vert-center-->\n\n\t\t\t\t\t\t\t\t\t\n\n\t\t\t\t\t\t\t\t<\/div>\n\t\t\t\t\t\t\t<\/div><!--work-item-->\n\n\t\t\t\t\t\t\n\n\t\t\t\t\t\t<\/div><\/div> \n\t\t\t\t\t\t\n\t\t\t\t\t\t\t<div class=\"col span_3 regular element\" data-project-cat=\"\" data-default-color=\"true\" data-title-color=\"\" data-subtitle-color=\"\">\n\n\t\t\t\t\t\t\t<div class=\"inner-wrap animated\" data-animation=\"none\">\n\n\t\t\t\t\t\t\t\n\t\t\t\t\t\t\t<div class=\"work-item style-2\">\n\n\t\t\t\t\t\t\t\t<img class=\"skip-lazy\" src=\"https:\/\/lesolereybrewpub.com\/wp-content\/uploads\/2023\/08\/beer-bottles-400x400.jpg\" width=\"400\" height=\"400\" alt=\"beer-bottles\" title=\"beer-bottles\" \/>\n\t\t\t\t\t\t\t\t<div class=\"work-info-bg\"><\/div>\n\t\t\t\t\t\t\t\t<div class=\"work-info\">\n\n\n\t\t\t\t\t\t\t\t\t\t\t\t\t\t\t\t\t   \t\t\t <a href=\"https:\/\/lesolereybrewpub.com\/wp-content\/uploads\/2023\/08\/beer-bottles.jpg\" class=\"pretty_photo\"><\/a>\n\t\t\t\t\t\t\t\t   \t\t\n\t\t\t\t\t\t\t\t\t\t<div class=\"vert-center\">\n\t\t\t\t\t\t\t\t\t\t\t\t\t\t\t\t\t\t\t\t\t<\/div><!--\/vert-center-->\n\n\t\t\t\t\t\t\t\t\t\n\n\t\t\t\t\t\t\t\t<\/div>\n\t\t\t\t\t\t\t<\/div><!--work-item-->\n\n\t\t\t\t\t\t\n\n\t\t\t\t\t\t<\/div><\/div> \n\t\t\t\t\t\t\n\t\t\t\t\t\t\t<div class=\"col span_3 regular element\" data-project-cat=\"\" data-default-color=\"true\" data-title-color=\"\" data-subtitle-color=\"\">\n\n\t\t\t\t\t\t\t<div class=\"inner-wrap animated\" data-animation=\"none\">\n\n\t\t\t\t\t\t\t\n\t\t\t\t\t\t\t<div class=\"work-item style-2\">\n\n\t\t\t\t\t\t\t\t<img class=\"skip-lazy\" src=\"https:\/\/lesolereybrewpub.com\/wp-content\/uploads\/2023\/08\/Terry-and-Franco-400x400.jpg\" width=\"400\" height=\"400\" alt=\"Terry-and-Franco\" title=\"Terry-and-Franco\" \/>\n\t\t\t\t\t\t\t\t<div class=\"work-info-bg\"><\/div>\n\t\t\t\t\t\t\t\t<div class=\"work-info\">\n\n\n\t\t\t\t\t\t\t\t\t\t\t\t\t\t\t\t\t   \t\t\t <a href=\"https:\/\/lesolereybrewpub.com\/wp-content\/uploads\/2023\/08\/Terry-and-Franco.jpg\" class=\"pretty_photo\"><\/a>\n\t\t\t\t\t\t\t\t   \t\t\n\t\t\t\t\t\t\t\t\t\t<div class=\"vert-center\">\n\t\t\t\t\t\t\t\t\t\t\t\t\t\t\t\t\t\t\t\t\t<\/div><!--\/vert-center-->\n\n\t\t\t\t\t\t\t\t\t\n\n\t\t\t\t\t\t\t\t<\/div>\n\t\t\t\t\t\t\t<\/div><!--work-item-->\n\n\t\t\t\t\t\t\n\n\t\t\t\t\t\t<\/div><\/div> \n\t\t\t\t\t\t\n\t\t\t\t\t\t\t<div class=\"col span_3 regular element\" data-project-cat=\"\" data-default-color=\"true\" data-title-color=\"\" data-subtitle-color=\"\">\n\n\t\t\t\t\t\t\t<div class=\"inner-wrap animated\" data-animation=\"none\">\n\n\t\t\t\t\t\t\t\n\t\t\t\t\t\t\t<div class=\"work-item style-2\">\n\n\t\t\t\t\t\t\t\t<img class=\"skip-lazy\" src=\"https:\/\/lesolereybrewpub.com\/wp-content\/uploads\/2023\/08\/brewing-400x400.jpg\" width=\"400\" height=\"400\" alt=\"brewing\" title=\"brewing\" \/>\n\t\t\t\t\t\t\t\t<div class=\"work-info-bg\"><\/div>\n\t\t\t\t\t\t\t\t<div class=\"work-info\">\n\n\n\t\t\t\t\t\t\t\t\t\t\t\t\t\t\t\t\t   \t\t\t <a href=\"https:\/\/lesolereybrewpub.com\/wp-content\/uploads\/2023\/08\/brewing.jpg\" class=\"pretty_photo\"><\/a>\n\t\t\t\t\t\t\t\t   \t\t\n\t\t\t\t\t\t\t\t\t\t<div class=\"vert-center\">\n\t\t\t\t\t\t\t\t\t\t\t\t\t\t\t\t\t\t\t\t\t<\/div><!--\/vert-center-->\n\n\t\t\t\t\t\t\t\t\t\n\n\t\t\t\t\t\t\t\t<\/div>\n\t\t\t\t\t\t\t<\/div><!--work-item-->\n\n\t\t\t\t\t\t\n\n\t\t\t\t\t\t<\/div><\/div> \n\t\t\t\t\t\t<\/div><\/div><\/div>\n\t\t<\/div> \n\t<\/div> \n\t\t\t<\/div> \n\t\t<\/div>\n\t<\/div> \n<\/div><\/div>","protected":false},"excerpt":{"rendered":"THE BREWERY Being called a brewpub means we of course make all of our own beers. Our brewery is located right on site and is visible from the street level....","protected":false},"author":5,"featured_media":0,"parent":0,"menu_order":0,"comment_status":"closed","ping_status":"closed","template":"","meta":[],"_links":{"self":[{"href":"https:\/\/lesolereybrewpub.com\/fr\/wp-json\/wp\/v2\/pages\/480"}],"collection":[{"href":"https:\/\/lesolereybrewpub.com\/fr\/wp-json\/wp\/v2\/pages"}],"about":[{"href":"https:\/\/lesolereybrewpub.com\/fr\/wp-json\/wp\/v2\/types\/page"}],"author":[{"embeddable":true,"href":"https:\/\/lesolereybrewpub.com\/fr\/wp-json\/wp\/v2\/users\/5"}],"replies":[{"embeddable":true,"href":"https:\/\/lesolereybrewpub.com\/fr\/wp-json\/wp\/v2\/comments?post=480"}],"version-history":[{"count":135,"href":"https:\/\/lesolereybrewpub.com\/fr\/wp-json\/wp\/v2\/pages\/480\/revisions"}],"predecessor-version":[{"id":1139,"href":"https:\/\/lesolereybrewpub.com\/fr\/wp-json\/wp\/v2\/pages\/480\/revisions\/1139"}],"wp:attachment":[{"href":"https:\/\/lesolereybrewpub.com\/fr\/wp-json\/wp\/v2\/media?parent=480"}],"curies":[{"name":"wp","href":"https:\/\/api.w.org\/{rel}","templated":true}]}}